{"id":722,"date":"2024-10-26T08:04:58","date_gmt":"2024-10-26T08:04:58","guid":{"rendered":"https:\/\/eauxvives78.fr\/?page_id=722"},"modified":"2025-02-19T12:26:19","modified_gmt":"2025-02-19T12:26:19","slug":"mentions-legales","status":"publish","type":"page","link":"https:\/\/eauxvives78.fr\/en\/mentions-legales\/","title":{"rendered":"Terms of use"},"content":{"rendered":"<div data-elementor-type=\"wp-page\" data-elementor-id=\"722\" class=\"elementor elementor-722\" data-elementor-post-type=\"page\">\n\t\t\t\t<div class=\"elementor-element elementor-element-ed638b1 e-flex e-con-boxed wpr-particle-no wpr-jarallax-no wpr-parallax-no wpr-sticky-section-no wpr-equal-height-no e-con e-parent\" data-id=\"ed638b1\" data-element_type=\"container\" data-e-type=\"container\">\n\t\t\t\t\t<div class=\"e-con-inner\">\n\t\t\t\t<div class=\"elementor-element elementor-element-24859d8 elementor-widget elementor-widget-text-editor\" data-id=\"24859d8\" data-element_type=\"widget\" data-e-type=\"widget\" data-widget_type=\"text-editor.default\">\n\t\t\t\t<div class=\"elementor-widget-container\">\n\t\t\t\t\t\t\t\t\t<p><strong>Terms of use<\/strong><\/p><p>eauxvives78.fr is published by LA SCENE.<\/p><p><strong>THE SCENE<\/strong><\/p><p>14 Boulevard de la mission marchand<\/p><p>92400 COURBEVOIE<br \/>Tel.: 09.56.09.99.09<br \/>E-mail: eaux.v78@gmail.com<br \/>R.C.S. Nanterre B 529 898 066<\/p><p>SIRET : 52989806600046<br \/>Director of Publication :<br \/>Jak Ulusoy<\/p><p><strong>WEBMASTER<\/strong><\/p><p>This site is hosted by :<\/p><p><strong>Hostinger<\/strong><\/p><p>HOSTINGER operations, UAB<\/p><p>\u0160vitrigailos str. 34, Vilnius 03230 Lithuania<\/p><p><strong>CONFIDENTIALITY AND DATA PROTECTION<\/strong><\/p><p>In accordance with the French Data Protection Act of 06 January 1978, you may modify or delete your registration details at any time. As this information is confidential, LA SCENE undertakes to protect it.<\/p><p>You have the right to access, modify, rectify and delete data concerning you (art. 34 of the French Data Protection Act). You can exercise this right directly on the sites concerned, or by contacting us:<\/p><p><strong>THE SCENE<\/strong><\/p><p>14 Boulevard de la mission marchand<\/p><p>92400 COURBEVOIE<br \/>Tel.: 09.56.09.99.09<br \/>E-mail: eaux.v78@gmail.com<\/p>\t\t\t\t\t\t\t\t<\/div>\n\t\t\t\t<\/div>\n\t\t\t\t\t<\/div>\n\t\t\t\t<\/div>\n\t\t\t\t<\/div>","protected":false},"excerpt":{"rendered":"<p>eauxvives78.fr is published by LA SCENE. LA SCENE 14 Boulevard de la mission marchand 92400 COURBEVOIETel: 09.56.09.99.09E-mail: eaux.v78@gmail.comR.C.S. Nanterre B 529 898 066 SIRET: 52989806600046Publishing Director:Jak Ulusoy HOSTINGER This site is hosted by : Hostinger HOSTINGER operations, UAB \u0160vitrigailos str. 34, Vilnius 03230 Lithuania CONFIDENTIALITY AND DATA PROTECTION In accordance with the French Data Protection Act of January 6, 1978, you may at any time modify or delete information relating to your registration. As this information is confidential, LA SCENE undertakes to protect it. You have the right to access, modify, rectify and delete data concerning you (art. 34 of the French Data Protection Act). You can exercise this right directly on the sites concerned, or by contacting us: LA SCENE 14 Boulevard de la mission marchand 92400 COURBEVOIETel: 09.56.09.99.09E-mail: eaux.v78@gmail.com<\/p>","protected":false},"author":1,"featured_media":0,"parent":0,"menu_order":0,"comment_status":"closed","ping_status":"closed","template":"","meta":{"footnotes":""},"class_list":["post-722","page","type-page","status-publish","hentry"],"yoast_head":"<!-- This site is optimized with the Yoast SEO plugin v27.5 - https:\/\/yoast.com\/product\/yoast-seo-wordpress\/ -->\n<title>Mentions l\u00e9gales - Eaux Vives<\/title>\n<meta name=\"robots\" content=\"noindex, nofollow\" \/>\n<meta property=\"og:locale\" content=\"en_US\" \/>\n<meta property=\"og:type\" content=\"article\" \/>\n<meta property=\"og:title\" content=\"Mentions l\u00e9gales - Eaux Vives\" \/>\n<meta property=\"og:description\" content=\"Mentions l\u00e9gales eauxvives78.fr est \u00e9dit\u00e9 par la soci\u00e9t\u00e9 LA SCENE. LA SCENE 14 Boulevard de la mission marchand 92400 COURBEVOIET\u00e9l. : 09.56.09.99.09E-mail : eaux.v78@gmail.comR.C.S. Nanterre B 529 898 066 SIRET\u00a0: 52989806600046Directeur de la Publication :Jak Ulusoy HEBERGEUR Ce site est h\u00e9berg\u00e9 par : Hostinger HOSTINGER operations, UAB \u0160vitrigailos str. 34, Vilnius 03230 Lithuania CONFIDENTIALITE ET PROTECTION DES DONNEES Conform\u00e9ment \u00e0 la loi informatique et libert\u00e9s du 06 janvier 1978, vous pouvez \u00e0 tout moment modifier ou supprimer les renseignements li\u00e9s \u00e0 votre inscription. Ces informations vous concernant \u00e9tant confidentielles,\u00a0LA SCENE s\u2019engage \u00e0 les prot\u00e9ger. Vous disposez d\u2019un droit d\u2019acc\u00e8s, de modification, de rectification et de suppression des donn\u00e9es qui vous concernent (art. 34 de la loi \u00ab\u00a0Informatique et Libert\u00e9s\u00a0\u00bb). Vous pouvez exercer ce droit directement sur les sites concern\u00e9s ou en nous contactant : LA SCENE 14 Boulevard de la mission marchand 92400 COURBEVOIET\u00e9l. : 09.56.09.99.09E-mail : eaux.v78@gmail.com\" \/>\n<meta property=\"og:url\" content=\"https:\/\/eauxvives78.fr\/en\/mentions-legales\/\" \/>\n<meta property=\"og:site_name\" content=\"Eaux Vives\" \/>\n<meta property=\"article:modified_time\" content=\"2025-02-19T12:26:19+00:00\" \/>\n<meta name=\"twitter:card\" content=\"summary_large_image\" \/>\n<meta name=\"twitter:label1\" content=\"Est. reading time\" \/>\n\t<meta name=\"twitter:data1\" content=\"1 minute\" \/>\n<script type=\"application\/ld+json\" class=\"yoast-schema-graph\">{\"@context\":\"https:\\\/\\\/schema.org\",\"@graph\":[{\"@type\":\"WebPage\",\"@id\":\"https:\\\/\\\/eauxvives78.fr\\\/mentions-legales\\\/\",\"url\":\"https:\\\/\\\/eauxvives78.fr\\\/mentions-legales\\\/\",\"name\":\"Mentions l\u00e9gales - Eaux Vives\",\"isPartOf\":{\"@id\":\"https:\\\/\\\/eauxvives78.fr\\\/#website\"},\"datePublished\":\"2024-10-26T08:04:58+00:00\",\"dateModified\":\"2025-02-19T12:26:19+00:00\",\"breadcrumb\":{\"@id\":\"https:\\\/\\\/eauxvives78.fr\\\/mentions-legales\\\/#breadcrumb\"},\"inLanguage\":\"en-US\",\"potentialAction\":[{\"@type\":\"ReadAction\",\"target\":[\"https:\\\/\\\/eauxvives78.fr\\\/mentions-legales\\\/\"]}]},{\"@type\":\"BreadcrumbList\",\"@id\":\"https:\\\/\\\/eauxvives78.fr\\\/mentions-legales\\\/#breadcrumb\",\"itemListElement\":[{\"@type\":\"ListItem\",\"position\":1,\"name\":\"Accueil\",\"item\":\"https:\\\/\\\/eauxvives78.fr\\\/\"},{\"@type\":\"ListItem\",\"position\":2,\"name\":\"Mentions l\u00e9gales\"}]},{\"@type\":\"WebSite\",\"@id\":\"https:\\\/\\\/eauxvives78.fr\\\/#website\",\"url\":\"https:\\\/\\\/eauxvives78.fr\\\/\",\"name\":\"Eaux Vives\",\"description\":\"Parce que votre \u00e9v\u00e8nement est unique\",\"publisher\":{\"@id\":\"https:\\\/\\\/eauxvives78.fr\\\/#organization\"},\"potentialAction\":[{\"@type\":\"SearchAction\",\"target\":{\"@type\":\"EntryPoint\",\"urlTemplate\":\"https:\\\/\\\/eauxvives78.fr\\\/?s={search_term_string}\"},\"query-input\":{\"@type\":\"PropertyValueSpecification\",\"valueRequired\":true,\"valueName\":\"search_term_string\"}}],\"inLanguage\":\"en-US\"},{\"@type\":\"Organization\",\"@id\":\"https:\\\/\\\/eauxvives78.fr\\\/#organization\",\"name\":\"Eaux Vives\",\"url\":\"https:\\\/\\\/eauxvives78.fr\\\/\",\"logo\":{\"@type\":\"ImageObject\",\"inLanguage\":\"en-US\",\"@id\":\"https:\\\/\\\/eauxvives78.fr\\\/#\\\/schema\\\/logo\\\/image\\\/\",\"url\":\"https:\\\/\\\/eauxvives78.fr\\\/wp-content\\\/uploads\\\/2025\\\/01\\\/cropped-logo-eaux-vives-final.png\",\"contentUrl\":\"https:\\\/\\\/eauxvives78.fr\\\/wp-content\\\/uploads\\\/2025\\\/01\\\/cropped-logo-eaux-vives-final.png\",\"width\":859,\"height\":232,\"caption\":\"Eaux Vives\"},\"image\":{\"@id\":\"https:\\\/\\\/eauxvives78.fr\\\/#\\\/schema\\\/logo\\\/image\\\/\"}}]}<\/script>\n<!-- \/ Yoast SEO plugin. -->","yoast_head_json":{"title":"Mentions l\u00e9gales - Eaux Vives","robots":{"index":"noindex","follow":"nofollow"},"og_locale":"en_US","og_type":"article","og_title":"Mentions l\u00e9gales - Eaux Vives","og_description":"Mentions l\u00e9gales eauxvives78.fr est \u00e9dit\u00e9 par la soci\u00e9t\u00e9 LA SCENE. LA SCENE 14 Boulevard de la mission marchand 92400 COURBEVOIET\u00e9l. : 09.56.09.99.09E-mail : eaux.v78@gmail.comR.C.S. Nanterre B 529 898 066 SIRET\u00a0: 52989806600046Directeur de la Publication :Jak Ulusoy HEBERGEUR Ce site est h\u00e9berg\u00e9 par : Hostinger HOSTINGER operations, UAB \u0160vitrigailos str. 34, Vilnius 03230 Lithuania CONFIDENTIALITE ET PROTECTION DES DONNEES Conform\u00e9ment \u00e0 la loi informatique et libert\u00e9s du 06 janvier 1978, vous pouvez \u00e0 tout moment modifier ou supprimer les renseignements li\u00e9s \u00e0 votre inscription. Ces informations vous concernant \u00e9tant confidentielles,\u00a0LA SCENE s\u2019engage \u00e0 les prot\u00e9ger. Vous disposez d\u2019un droit d\u2019acc\u00e8s, de modification, de rectification et de suppression des donn\u00e9es qui vous concernent (art. 34 de la loi \u00ab\u00a0Informatique et Libert\u00e9s\u00a0\u00bb). Vous pouvez exercer ce droit directement sur les sites concern\u00e9s ou en nous contactant : LA SCENE 14 Boulevard de la mission marchand 92400 COURBEVOIET\u00e9l. : 09.56.09.99.09E-mail : eaux.v78@gmail.com","og_url":"https:\/\/eauxvives78.fr\/en\/mentions-legales\/","og_site_name":"Eaux Vives","article_modified_time":"2025-02-19T12:26:19+00:00","twitter_card":"summary_large_image","twitter_misc":{"Est. reading time":"1 minute"},"schema":{"@context":"https:\/\/schema.org","@graph":[{"@type":"WebPage","@id":"https:\/\/eauxvives78.fr\/mentions-legales\/","url":"https:\/\/eauxvives78.fr\/mentions-legales\/","name":"Mentions l\u00e9gales - Eaux Vives","isPartOf":{"@id":"https:\/\/eauxvives78.fr\/#website"},"datePublished":"2024-10-26T08:04:58+00:00","dateModified":"2025-02-19T12:26:19+00:00","breadcrumb":{"@id":"https:\/\/eauxvives78.fr\/mentions-legales\/#breadcrumb"},"inLanguage":"en-US","potentialAction":[{"@type":"ReadAction","target":["https:\/\/eauxvives78.fr\/mentions-legales\/"]}]},{"@type":"BreadcrumbList","@id":"https:\/\/eauxvives78.fr\/mentions-legales\/#breadcrumb","itemListElement":[{"@type":"ListItem","position":1,"name":"Accueil","item":"https:\/\/eauxvives78.fr\/"},{"@type":"ListItem","position":2,"name":"Mentions l\u00e9gales"}]},{"@type":"WebSite","@id":"https:\/\/eauxvives78.fr\/#website","url":"https:\/\/eauxvives78.fr\/","name":"Eaux Vives","description":"Because your event is unique","publisher":{"@id":"https:\/\/eauxvives78.fr\/#organization"},"potentialAction":[{"@type":"SearchAction","target":{"@type":"EntryPoint","urlTemplate":"https:\/\/eauxvives78.fr\/?s={search_term_string}"},"query-input":{"@type":"PropertyValueSpecification","valueRequired":true,"valueName":"search_term_string"}}],"inLanguage":"en-US"},{"@type":"Organization","@id":"https:\/\/eauxvives78.fr\/#organization","name":"Eaux Vives","url":"https:\/\/eauxvives78.fr\/","logo":{"@type":"ImageObject","inLanguage":"en-US","@id":"https:\/\/eauxvives78.fr\/#\/schema\/logo\/image\/","url":"https:\/\/eauxvives78.fr\/wp-content\/uploads\/2025\/01\/cropped-logo-eaux-vives-final.png","contentUrl":"https:\/\/eauxvives78.fr\/wp-content\/uploads\/2025\/01\/cropped-logo-eaux-vives-final.png","width":859,"height":232,"caption":"Eaux Vives"},"image":{"@id":"https:\/\/eauxvives78.fr\/#\/schema\/logo\/image\/"}}]}},"_links":{"self":[{"href":"https:\/\/eauxvives78.fr\/en\/wp-json\/wp\/v2\/pages\/722","targetHints":{"allow":["GET"]}}],"collection":[{"href":"https:\/\/eauxvives78.fr\/en\/wp-json\/wp\/v2\/pages"}],"about":[{"href":"https:\/\/eauxvives78.fr\/en\/wp-json\/wp\/v2\/types\/page"}],"author":[{"embeddable":true,"href":"https:\/\/eauxvives78.fr\/en\/wp-json\/wp\/v2\/users\/1"}],"replies":[{"embeddable":true,"href":"https:\/\/eauxvives78.fr\/en\/wp-json\/wp\/v2\/comments?post=722"}],"version-history":[{"count":13,"href":"https:\/\/eauxvives78.fr\/en\/wp-json\/wp\/v2\/pages\/722\/revisions"}],"predecessor-version":[{"id":735,"href":"https:\/\/eauxvives78.fr\/en\/wp-json\/wp\/v2\/pages\/722\/revisions\/735"}],"wp:attachment":[{"href":"https:\/\/eauxvives78.fr\/en\/wp-json\/wp\/v2\/media?parent=722"}],"curies":[{"name":"wp","href":"https:\/\/api.w.org\/{rel}","templated":true}]}}